{"id":641,"date":"2026-04-08T23:38:12","date_gmt":"2026-04-08T21:38:12","guid":{"rendered":"https:\/\/svettisku.eu\/?page_id=641"},"modified":"2026-04-08T23:44:54","modified_gmt":"2026-04-08T21:44:54","slug":"mack-press","status":"publish","type":"page","link":"https:\/\/svettisku.eu\/index.php\/mack-press\/","title":{"rendered":"Kniha Anna Ryp\u00e1\u010dkov\u00e1 \u2013 Vzpom\u00ednky"},"content":{"rendered":"\n<p><em>Editor: PhDr. Richard Khel, CSc.<\/em><\/p>\n\n\n\n<p>\u017divot Anny Ryp\u00e1\u010dkov\u00e9 (1895\u20131978) p\u0159ipom\u00edn\u00e1 velk\u00fd rom\u00e1n, ve kter\u00e9m se osobn\u00ed odvaha a profesn\u00ed mistrovstv\u00ed propl\u00e9taj\u00ed s nejd\u016fle\u017eit\u011bj\u0161\u00edmi okam\u017eiky na\u0161ich d\u011bjin. Tato b\u0159eznick\u00e1 roda\u010dka, jej\u00ed\u017e osud za\u010dal ztr\u00e1tou rodi\u010d\u016f a d\u011btstv\u00edm v jiho\u010desk\u00e9 chalup\u011b, se vypracovala v jednu z nejv\u00fdznamn\u011bj\u0161\u00edch postav \u010deskoslovensk\u00e9ho zdravotnictv\u00ed. Jako prvn\u00ed civiln\u00ed sestra ve funkci hlavn\u00ed sestry V\u0161eobecn\u00e9 nemocnice a \u0159editelka st\u0159edn\u00ed zdravotnick\u00e9 \u0161koly zanechala nesmazatelnou stopu v oboru, za co\u017e byla po z\u00e1sluze ocen\u011bna medail\u00ed Mezin\u00e1rodn\u00edho \u010derven\u00e9ho k\u0159\u00ed\u017ee. <br><br>Objedn\u00e1vat m\u016f\u017eete v eshopu nakladatelstv\u00ed Rubico<br><a href=\"https:\/\/www.rubico.cz\/eshop\/historie\/vzpominky.html\">https:\/\/www.rubico.cz\/eshop\/historie\/vzpominky.html<\/a><br><br>Kniha vyjde v kv\u011btnu 2026.<\/p>\n\n\n\n<p>ISBN: 978-80-909835-1-9<\/p>\n\n\n\n<p><br><\/p>\n\n\n\n<figure class=\"wp-block-gallery has-nested-images columns-default has-very-light-gray-to-cyan-bluish-gray-gradient-background has-background wp-block-gallery-1 is-layout-flex wp-block-gallery-is-layout-flex\">\n<figure class=\"wp-block-image size-large\"><img loading=\"lazy\" decoding=\"async\" width=\"426\" height=\"600\" data-id=\"652\" src=\"https:\/\/svettisku.eu\/wp-content\/uploads\/2026\/04\/anna_rypackova-eshop-2.jpg\" alt=\"\" class=\"wp-image-652\" srcset=\"https:\/\/svettisku.eu\/wp-content\/uploads\/2026\/04\/anna_rypackova-eshop-2.jpg 426w, https:\/\/svettisku.eu\/wp-content\/uploads\/2026\/04\/anna_rypackova-eshop-2-213x300.jpg 213w\" sizes=\"auto, (max-width: 426px) 100vw, 426px\" \/><\/figure>\n\n\n\n<figure class=\"wp-block-image size-large\"><img loading=\"lazy\" decoding=\"async\" width=\"564\" height=\"800\" data-id=\"653\" src=\"https:\/\/svettisku.eu\/wp-content\/uploads\/2026\/04\/AR_2026-ukazky-1-2.jpg\" alt=\"\" class=\"wp-image-653\" srcset=\"https:\/\/svettisku.eu\/wp-content\/uploads\/2026\/04\/AR_2026-ukazky-1-2.jpg 564w, https:\/\/svettisku.eu\/wp-content\/uploads\/2026\/04\/AR_2026-ukazky-1-2-212x300.jpg 212w\" sizes=\"auto, (max-width: 564px) 100vw, 564px\" \/><\/figure>\n\n\n\n<figure class=\"wp-block-image size-large\"><img loading=\"lazy\" decoding=\"async\" width=\"564\" height=\"800\" data-id=\"657\" src=\"https:\/\/svettisku.eu\/wp-content\/uploads\/2026\/04\/AR_2026-ukazky-3-1.jpg\" alt=\"\" class=\"wp-image-657\" srcset=\"https:\/\/svettisku.eu\/wp-content\/uploads\/2026\/04\/AR_2026-ukazky-3-1.jpg 564w, https:\/\/svettisku.eu\/wp-content\/uploads\/2026\/04\/AR_2026-ukazky-3-1-212x300.jpg 212w\" sizes=\"auto, (max-width: 564px) 100vw, 564px\" \/><\/figure>\n\n\n\n<figure class=\"wp-block-image size-large\"><img loading=\"lazy\" decoding=\"async\" width=\"564\" height=\"800\" data-id=\"658\" src=\"https:\/\/svettisku.eu\/wp-content\/uploads\/2026\/04\/AR_2026-ukazky-4-1.jpg\" alt=\"\" class=\"wp-image-658\" srcset=\"https:\/\/svettisku.eu\/wp-content\/uploads\/2026\/04\/AR_2026-ukazky-4-1.jpg 564w, https:\/\/svettisku.eu\/wp-content\/uploads\/2026\/04\/AR_2026-ukazky-4-1-212x300.jpg 212w\" sizes=\"auto, (max-width: 564px) 100vw, 564px\" \/><\/figure>\n\n\n\n<figure class=\"wp-block-image size-large\"><img loading=\"lazy\" decoding=\"async\" width=\"564\" height=\"800\" data-id=\"655\" src=\"https:\/\/svettisku.eu\/wp-content\/uploads\/2026\/04\/AR_2026-ukazky-5-1.jpg\" alt=\"\" class=\"wp-image-655\" srcset=\"https:\/\/svettisku.eu\/wp-content\/uploads\/2026\/04\/AR_2026-ukazky-5-1.jpg 564w, https:\/\/svettisku.eu\/wp-content\/uploads\/2026\/04\/AR_2026-ukazky-5-1-212x300.jpg 212w\" sizes=\"auto, (max-width: 564px) 100vw, 564px\" \/><\/figure>\n\n\n\n<figure class=\"wp-block-image size-large\"><img loading=\"lazy\" decoding=\"async\" width=\"564\" height=\"800\" data-id=\"654\" src=\"https:\/\/svettisku.eu\/wp-content\/uploads\/2026\/04\/AR_2026-ukazky-6-1.jpg\" alt=\"\" class=\"wp-image-654\" srcset=\"https:\/\/svettisku.eu\/wp-content\/uploads\/2026\/04\/AR_2026-ukazky-6-1.jpg 564w, https:\/\/svettisku.eu\/wp-content\/uploads\/2026\/04\/AR_2026-ukazky-6-1-212x300.jpg 212w\" sizes=\"auto, (max-width: 564px) 100vw, 564px\" \/><\/figure>\n<\/figure>\n","protected":false},"excerpt":{"rendered":"<p>Editor: PhDr. Richard Khel, CSc. \u017divot Anny Ryp\u00e1\u010dkov\u00e9 (1895\u20131978) p\u0159ipom\u00edn\u00e1 velk\u00fd rom\u00e1n, ve kter\u00e9m se osobn\u00ed odvaha a profesn\u00ed mistrovstv\u00ed propl\u00e9taj\u00ed s nejd\u016fle\u017eit\u011bj\u0161\u00edmi okam\u017eiky na\u0161ich d\u011bjin. Tato b\u0159eznick\u00e1 roda\u010dka, jej\u00ed\u017e osud za\u010dal ztr\u00e1tou rodi\u010d\u016f a d\u011btstv\u00edm v jiho\u010desk\u00e9 chalup\u011b, se vypracovala v jednu z nejv\u00fdznamn\u011bj\u0161\u00edch postav \u010deskoslovensk\u00e9ho zdravotnictv\u00ed. Jako prvn\u00ed<\/p>\n","protected":false},"author":2,"featured_media":640,"parent":0,"menu_order":0,"comment_status":"closed","ping_status":"closed","template":"","meta":{"footnotes":""},"class_list":["post-641","page","type-page","status-publish","has-post-thumbnail","hentry",""],"_links":{"self":[{"href":"https:\/\/svettisku.eu\/index.php\/wp-json\/wp\/v2\/pages\/641","targetHints":{"allow":["GET"]}}],"collection":[{"href":"https:\/\/svettisku.eu\/index.php\/wp-json\/wp\/v2\/pages"}],"about":[{"href":"https:\/\/svettisku.eu\/index.php\/wp-json\/wp\/v2\/types\/page"}],"author":[{"embeddable":true,"href":"https:\/\/svettisku.eu\/index.php\/wp-json\/wp\/v2\/users\/2"}],"replies":[{"embeddable":true,"href":"https:\/\/svettisku.eu\/index.php\/wp-json\/wp\/v2\/comments?post=641"}],"version-history":[{"count":3,"href":"https:\/\/svettisku.eu\/index.php\/wp-json\/wp\/v2\/pages\/641\/revisions"}],"predecessor-version":[{"id":659,"href":"https:\/\/svettisku.eu\/index.php\/wp-json\/wp\/v2\/pages\/641\/revisions\/659"}],"wp:featuredmedia":[{"embeddable":true,"href":"https:\/\/svettisku.eu\/index.php\/wp-json\/wp\/v2\/media\/640"}],"wp:attachment":[{"href":"https:\/\/svettisku.eu\/index.php\/wp-json\/wp\/v2\/media?parent=641"}],"curies":[{"name":"wp","href":"https:\/\/api.w.org\/{rel}","templated":true}]}}