{"id":661,"date":"2026-05-12T11:53:07","date_gmt":"2026-05-12T09:53:07","guid":{"rendered":"https:\/\/svettisku.eu\/?page_id=661"},"modified":"2026-05-16T21:07:30","modified_gmt":"2026-05-16T19:07:30","slug":"vyroba-knih-a-casopisu","status":"publish","type":"page","link":"https:\/\/svettisku.eu\/index.php\/vyroba-knih-a-casopisu\/","title":{"rendered":"V\u00fdroba knih a \u010dasopis\u016f"},"content":{"rendered":"\n<p>Ka\u017ed\u00e1 kniha p\u0159ed p\u0159e\u010dten\u00edm posledn\u00edho slova uraz\u00ed dlouhou cestu. N\u011bkdy je to n\u00e1hoda, kdy jde autor hledat jehlu do kupky sena a najde \u00faryvek nov\u00e9 knihy, jindy jde c\u00edlen\u011b hledat endemitickou kv\u011btinku na vrchol sk\u00e1ly a vznikne d\u00edlo, kter\u00e9 sv\u00fdm rozsahem p\u0159ekon\u00e1 desetilet\u00ed\u2026 N\u011bkdo do obsahu knihy vtiskne svoje celo\u017eivotn\u00ed \u00fasil\u00ed, jindy zachyt\u00ed p\u00e1r okam\u017eik\u016f v\u00fdznamn\u00e9 ud\u00e1losti. Jindy zase kniha sezn\u00e1m\u00ed \u010dten\u00e1\u0159e s novou technologi\u00ed a za kr\u00e1tk\u00fd \u010das se z n\u00ed stane norma, jindy shrne roky poznatk\u016f do ucelen\u00e9ho d\u00edla. Jednu knihu \u010dtou d\u011bti, jinou jen zasv\u011bcenci hloubaj\u00edc\u00ed v \u00fazk\u00e9 problematice. Nad obsahem m\u016f\u017eeme p\u0159em\u00fd\u0161let, pou\u010dit se z n\u011bj i jen si tak odpo\u010d\u00edvat\u2026<\/p>\n\n\n\n<figure class=\"wp-block-image size-full\"><img loading=\"lazy\" decoding=\"async\" width=\"850\" height=\"638\" src=\"https:\/\/svettisku.eu\/wp-content\/uploads\/2026\/05\/main_MP.jpg\" alt=\"\" class=\"wp-image-664\" srcset=\"https:\/\/svettisku.eu\/wp-content\/uploads\/2026\/05\/main_MP.jpg 850w, https:\/\/svettisku.eu\/wp-content\/uploads\/2026\/05\/main_MP-300x225.jpg 300w, https:\/\/svettisku.eu\/wp-content\/uploads\/2026\/05\/main_MP-768x576.jpg 768w\" sizes=\"auto, (max-width: 850px) 100vw, 850px\" \/><\/figure>\n\n\n\n<p>Jsem r\u00e1d, \u017ee knihy na jejich cest\u011b mohu prov\u00e1zet, pom\u00e1hat \u010dten\u00e1\u0159\u016fm tr\u00e1vit s nimi \u010das. Autor\u016fm a vydavatel\u016fm pak zprost\u0159edkovat \u00fasek v\u00fdroby, bez kter\u00e9ho to nejde. <\/p>\n\n\n\n<p>M\u00e1m radost, kdy\u017e titul nezapadne, ale do\u010dk\u00e1 se opakovan\u00fdch vyd\u00e1n\u00ed, kdy\u017e si ho v\u0161imnou na sout\u011b\u017e\u00edch nejen v \u010cech\u00e1ch, ale i v Evrop\u011b. <\/p>\n\n\n\n<p>Z velk\u00fdch projekt\u016f posledn\u00ed doby bych ur\u010dit\u011b vyzdvihl Magnesi\u00ed literou ocen\u011bn\u00fd projekt Josef \u010capek \u2013 Pracoval jsem mnoho, kde jsem se pod\u00edlel na dvou d\u00edlech\u2026 (vydavatelstv\u00ed 8smi\u010dka &#8211; <a href=\"https:\/\/8smicka.com\/josef-capek\/\">https:\/\/8smicka.com\/josef-capek\/<\/a>)<\/p>\n\n\n\n<figure class=\"wp-block-image size-full\"><img loading=\"lazy\" decoding=\"async\" width=\"650\" height=\"326\" src=\"https:\/\/svettisku.eu\/wp-content\/uploads\/2026\/05\/cpek_ukazka.jpg\" alt=\"\" class=\"wp-image-667\" srcset=\"https:\/\/svettisku.eu\/wp-content\/uploads\/2026\/05\/cpek_ukazka.jpg 650w, https:\/\/svettisku.eu\/wp-content\/uploads\/2026\/05\/cpek_ukazka-300x150.jpg 300w\" sizes=\"auto, (max-width: 650px) 100vw, 650px\" \/><\/figure>\n\n\n\n<p>Velmi zaj\u00edmavou prac\u00ed byly knihy pro vydavatelstv\u00ed Albatros M\u00e9dia &#8211; CPress<\/p>\n\n\n\n<p>Ji\u0159\u00ed Voskovec &amp; Jan Werich autor\u016f Franti\u0161eka Cingera a Jarom\u00edra Farn\u00edka \u2013 <a href=\"https:\/\/www.albatrosmedia.cz\/tituly\/68697866\/voskovec-werich\">https:\/\/www.albatrosmedia.cz\/tituly\/68697866\/voskovec-werich<\/a> (ocen\u011bn\u00ed \u2022 Liter\u00e1rn\u00ed cena Miroslava Ivanova, 2021, kategorie memo\u00e1rov\u00e1 a biografick\u00e1 literatura)<\/p>\n\n\n\n<p>Ji\u0159\u00ed \u0160litr \u2013 Doktor Klav\u00edr autora Luk\u00e1\u0161e Bern\u00e9ho <a href=\"https:\/\/www.albatrosmedia.cz\/tituly\/88085435\/jiri-slitr\">https:\/\/www.albatrosmedia.cz\/tituly\/88085435\/jiri-slitr<\/a><\/p>\n\n\n\n<p>Digit\u00e1ln\u00ed fotografie polopat\u011b autora Ond\u0159eje Neffa <a href=\"https:\/\/www.albatrosmedia.cz\/tituly\/29945309\/digitalni-fotografie-polopate\/\">https:\/\/www.albatrosmedia.cz\/tituly\/29945309\/digitalni-fotografie-polopate\/<\/a><\/p>\n\n\n\n<p>Druh\u00e9 m\u00edsto za grafick\u00fd design v sout\u011b\u017ei European Design Awards 2022 v kategorii Art Catalogue obdr\u017eela dal\u0161\u00ed kniha, kter\u00e9 jsem pom\u00e1hal na sv\u011bt ve spolupr\u00e1ci s grafiky ze studia Toman Design a pod dohledem vydavatestv\u00ed UMPRUM je kniha Civilizovan\u00e1 \u017eena autorky Martiny Pachmanov\u00e9.<\/p>\n\n\n\n<p>Nejde vypsat v\u0161echny tituly ani autory a autorky, redaktory a redaktorky, korektory a korektorky, majitele vydavatelstv\u00ed, pracovn\u00edky v tisk\u00e1rn\u00e1ch a dal\u0161\u00edch provozech a jsem z\u00e1rove\u0148 moc r\u00e1d, \u017ee pr\u00e1ce nad knihou \u010dasto nekon\u010d\u00ed a r\u00e1di se zase pokt\u00e1v\u00e1me i v \u017eivotech. <\/p>\n\n\n\n<p>V roce 2026 vydavatelstv\u00ed vydalo knihu, kterou editor PhDr. Richard Khel, CSc. p\u0159ipravil k vyd\u00e1n\u00ed. Moc si spolupr\u00e1ce v\u00e1\u017e\u00edm. <a href=\"https:\/\/svettisku.eu\/index.php\/mack-press\/\" data-type=\"link\" data-id=\"https:\/\/svettisku.eu\/index.php\/mack-press\/\">https:\/\/svettisku.eu\/index.php\/mack-press\/<\/a> <\/p>\n\n\n\n<p>Pokud je\u0161t\u011b v\u011b\u0159\u00edte, \u017ee kniha je v\u00edc ne\u017e n\u011bkolik gram\u016f pap\u00edru, r\u00e1d se do p\u0159\u00edpravy dal\u0161\u00ed zapoj\u00edm. Napi\u0161te email a domluv\u00edme se: vydavatelstvi &gt;&gt;zavin\u00e1\u010d&lt;&lt; svettisku.eu<\/p>\n\n\n\n<p><\/p>\n","protected":false},"excerpt":{"rendered":"<p>Ka\u017ed\u00e1 kniha p\u0159ed p\u0159e\u010dten\u00edm posledn\u00edho slova uraz\u00ed dlouhou cestu. N\u011bkdy je to n\u00e1hoda, kdy jde autor hledat jehlu do kupky sena a najde \u00faryvek nov\u00e9 knihy, jindy jde c\u00edlen\u011b hledat endemitickou kv\u011btinku na vrchol sk\u00e1ly a vznikne d\u00edlo, kter\u00e9 sv\u00fdm rozsahem p\u0159ekon\u00e1 desetilet\u00ed\u2026 N\u011bkdo do obsahu knihy vtiskne svoje celo\u017eivotn\u00ed<\/p>\n","protected":false},"author":2,"featured_media":665,"parent":0,"menu_order":0,"comment_status":"closed","ping_status":"closed","template":"","meta":{"footnotes":""},"class_list":["post-661","page","type-page","status-publish","has-post-thumbnail","hentry",""],"_links":{"self":[{"href":"https:\/\/svettisku.eu\/index.php\/wp-json\/wp\/v2\/pages\/661","targetHints":{"allow":["GET"]}}],"collection":[{"href":"https:\/\/svettisku.eu\/index.php\/wp-json\/wp\/v2\/pages"}],"about":[{"href":"https:\/\/svettisku.eu\/index.php\/wp-json\/wp\/v2\/types\/page"}],"author":[{"embeddable":true,"href":"https:\/\/svettisku.eu\/index.php\/wp-json\/wp\/v2\/users\/2"}],"replies":[{"embeddable":true,"href":"https:\/\/svettisku.eu\/index.php\/wp-json\/wp\/v2\/comments?post=661"}],"version-history":[{"count":5,"href":"https:\/\/svettisku.eu\/index.php\/wp-json\/wp\/v2\/pages\/661\/revisions"}],"predecessor-version":[{"id":670,"href":"https:\/\/svettisku.eu\/index.php\/wp-json\/wp\/v2\/pages\/661\/revisions\/670"}],"wp:featuredmedia":[{"embeddable":true,"href":"https:\/\/svettisku.eu\/index.php\/wp-json\/wp\/v2\/media\/665"}],"wp:attachment":[{"href":"https:\/\/svettisku.eu\/index.php\/wp-json\/wp\/v2\/media?parent=661"}],"curies":[{"name":"wp","href":"https:\/\/api.w.org\/{rel}","templated":true}]}}